{"id":639,"date":"2014-04-24T16:46:57","date_gmt":"2014-04-24T16:46:57","guid":{"rendered":"http:\/\/elbesodelescorpion.com\/web\/?post_type=product&#038;p=639"},"modified":"2018-05-24T17:50:37","modified_gmt":"2018-05-24T17:50:37","slug":"partituras-oficiales-de-los-dias-entre-el-sol-y-la-luna","status":"publish","type":"product","link":"https:\/\/www.elbesodelescorpion.com\/web\/tienda\/partituras-oficiales-de-los-dias-entre-el-sol-y-la-luna\/","title":{"rendered":"Partituras oficiales de &#8220;Los d\u00edas entre el sol y la luna&#8221;"},"content":{"rendered":"<p>Si todos nuestros temas los componemos nosotros mismos, era absurdo no poner a vuestra disposici\u00f3n las partituras de nuestros discos.\u00a0Ya est\u00e1n aqu\u00ed las partituras originales, revisadas y perfectamente cifradas. Consigue ahora las partituras de nuestro disco: <strong>Los d\u00edas entre el sol y la luna<\/strong>. Este pack contiene las partituras en formato PDF de las siguientes canciones:<\/p>\n<ol>\n<li class=\"p1\"><span class=\"s1\">Aquel lugar desubicado<\/span><\/li>\n<li class=\"p1\">Ya no hay marcha atr\u00e1s<\/li>\n<li class=\"p1\">T\u00fa, yo, nosotros<\/li>\n<li class=\"p1\">Vuela conmigo<\/li>\n<li class=\"p1\">Madrid<\/li>\n<li class=\"p1\">Tu veleta soy yo<\/li>\n<li class=\"p1\">Si solo pienso en ti<\/li>\n<li class=\"p1\">Sue\u00f1os de verdad<\/li>\n<li class=\"p1\">Todo termin\u00f3<\/li>\n<\/ol>\n<p class=\"p1\"><span class=\"s1\">El beso del escorpi\u00f3n<\/span><\/p>\n<p>Todas las partituras constan de:<\/p>\n<ul>\n<li>Portada<\/li>\n<li>Melod\u00eda de voz y coros<\/li>\n<li>Cifrado de acordes de guitarra<\/li>\n<li>Partituras de piano<\/li>\n<li>Partituras de instrumentos de cuerda y arreglos (Viol\u00edn, viola, violonchelo, arpa&#8230; en funci\u00f3n de la canci\u00f3n)<\/li>\n<li>Tablaturas de guitarra de cada uno de los solos<\/li>\n<\/ul>\n<p>Aprovecha esta oportunidad de ir m\u00e1s all\u00e1 con nuestra m\u00fasica.<\/p>\n","protected":false},"excerpt":{"rendered":"<p>Consigue en PDF de alta calidad las partituras oficiales de nuestra m\u00fasica.<\/p>\n","protected":false},"featured_media":1737,"comment_status":"open","ping_status":"closed","template":"","meta":{"jetpack_post_was_ever_published":false,"jetpack_publicize_message":"","jetpack_publicize_feature_enabled":true,"jetpack_social_post_already_shared":true,"jetpack_social_options":{"image_generator_settings":{"template":"highway","enabled":false}}},"product_cat":[40],"product_tag":[],"jetpack_publicize_connections":[],"yoast_head":"<!-- This site is optimized with the Yoast SEO plugin v24.5 - https:\/\/yoast.com\/wordpress\/plugins\/seo\/ -->\n<title>Partituras oficiales de &quot;Los d\u00edas entre el sol y la luna&quot; - El Beso del Escorpi\u00f3n<\/title>\n<meta name=\"robots\" content=\"index, follow, max-snippet:-1, max-image-preview:large, max-video-preview:-1\" \/>\n<link rel=\"canonical\" href=\"https:\/\/www.elbesodelescorpion.com\/web\/tienda\/partituras-oficiales-de-los-dias-entre-el-sol-y-la-luna\/\" \/>\n<meta property=\"og:locale\" content=\"es_ES\" \/>\n<meta property=\"og:type\" content=\"article\" \/>\n<meta property=\"og:title\" content=\"Partituras oficiales de &quot;Los d\u00edas entre el sol y la luna&quot; - El Beso del Escorpi\u00f3n\" \/>\n<meta property=\"og:description\" content=\"Consigue en PDF de alta calidad las partituras oficiales de nuestra m\u00fasica.\" \/>\n<meta property=\"og:url\" content=\"https:\/\/www.elbesodelescorpion.com\/web\/tienda\/partituras-oficiales-de-los-dias-entre-el-sol-y-la-luna\/\" \/>\n<meta property=\"og:site_name\" content=\"El Beso del Escorpi\u00f3n\" \/>\n<meta property=\"article:publisher\" content=\"https:\/\/www.facebook.com\/BesoEscorpion\/\" \/>\n<meta property=\"article:modified_time\" content=\"2018-05-24T17:50:37+00:00\" \/>\n<meta property=\"og:image\" content=\"https:\/\/i1.wp.com\/www.elbesodelescorpion.com\/web\/wp-content\/uploads\/2014\/04\/partituras-los-dias-entre-el-sol-y-la-luna.png?fit=800%2C800&ssl=1\" \/>\n\t<meta property=\"og:image:width\" content=\"800\" \/>\n\t<meta property=\"og:image:height\" content=\"800\" \/>\n\t<meta property=\"og:image:type\" content=\"image\/png\" \/>\n<meta name=\"twitter:card\" content=\"summary_large_image\" \/>\n<meta name=\"twitter:site\" content=\"@besoescorpion\" \/>\n<meta name=\"twitter:label1\" content=\"Tiempo de lectura\" \/>\n\t<meta name=\"twitter:data1\" content=\"1 minuto\" \/>\n<script type=\"application\/ld+json\" class=\"yoast-schema-graph\">{\"@context\":\"https:\/\/schema.org\",\"@graph\":[{\"@type\":\"WebPage\",\"@id\":\"https:\/\/www.elbesodelescorpion.com\/web\/tienda\/partituras-oficiales-de-los-dias-entre-el-sol-y-la-luna\/\",\"url\":\"https:\/\/www.elbesodelescorpion.com\/web\/tienda\/partituras-oficiales-de-los-dias-entre-el-sol-y-la-luna\/\",\"name\":\"Partituras oficiales de \\\"Los d\u00edas entre el sol y la luna\\\" - El Beso del Escorpi\u00f3n\",\"isPartOf\":{\"@id\":\"https:\/\/www.elbesodelescorpion.com\/web\/#website\"},\"primaryImageOfPage\":{\"@id\":\"https:\/\/www.elbesodelescorpion.com\/web\/tienda\/partituras-oficiales-de-los-dias-entre-el-sol-y-la-luna\/#primaryimage\"},\"image\":{\"@id\":\"https:\/\/www.elbesodelescorpion.com\/web\/tienda\/partituras-oficiales-de-los-dias-entre-el-sol-y-la-luna\/#primaryimage\"},\"thumbnailUrl\":\"https:\/\/i0.wp.com\/www.elbesodelescorpion.com\/web\/wp-content\/uploads\/2014\/04\/partituras-los-dias-entre-el-sol-y-la-luna.png?fit=800%2C800&ssl=1\",\"datePublished\":\"2014-04-24T16:46:57+00:00\",\"dateModified\":\"2018-05-24T17:50:37+00:00\",\"breadcrumb\":{\"@id\":\"https:\/\/www.elbesodelescorpion.com\/web\/tienda\/partituras-oficiales-de-los-dias-entre-el-sol-y-la-luna\/#breadcrumb\"},\"inLanguage\":\"es\",\"potentialAction\":[{\"@type\":\"ReadAction\",\"target\":[\"https:\/\/www.elbesodelescorpion.com\/web\/tienda\/partituras-oficiales-de-los-dias-entre-el-sol-y-la-luna\/\"]}]},{\"@type\":\"ImageObject\",\"inLanguage\":\"es\",\"@id\":\"https:\/\/www.elbesodelescorpion.com\/web\/tienda\/partituras-oficiales-de-los-dias-entre-el-sol-y-la-luna\/#primaryimage\",\"url\":\"https:\/\/i0.wp.com\/www.elbesodelescorpion.com\/web\/wp-content\/uploads\/2014\/04\/partituras-los-dias-entre-el-sol-y-la-luna.png?fit=800%2C800&ssl=1\",\"contentUrl\":\"https:\/\/i0.wp.com\/www.elbesodelescorpion.com\/web\/wp-content\/uploads\/2014\/04\/partituras-los-dias-entre-el-sol-y-la-luna.png?fit=800%2C800&ssl=1\",\"width\":800,\"height\":800},{\"@type\":\"BreadcrumbList\",\"@id\":\"https:\/\/www.elbesodelescorpion.com\/web\/tienda\/partituras-oficiales-de-los-dias-entre-el-sol-y-la-luna\/#breadcrumb\",\"itemListElement\":[{\"@type\":\"ListItem\",\"position\":1,\"name\":\"Portada\",\"item\":\"https:\/\/www.elbesodelescorpion.com\/web\/\"},{\"@type\":\"ListItem\",\"position\":2,\"name\":\"Tienda\",\"item\":\"https:\/\/www.elbesodelescorpion.com\/web\/tienda\/\"},{\"@type\":\"ListItem\",\"position\":3,\"name\":\"Partituras oficiales de &#8220;Los d\u00edas entre el sol y la luna&#8221;\"}]},{\"@type\":\"WebSite\",\"@id\":\"https:\/\/www.elbesodelescorpion.com\/web\/#website\",\"url\":\"https:\/\/www.elbesodelescorpion.com\/web\/\",\"name\":\"El Beso del Escorpi\u00f3n\",\"description\":\"Sitio web oficial\",\"publisher\":{\"@id\":\"https:\/\/www.elbesodelescorpion.com\/web\/#organization\"},\"potentialAction\":[{\"@type\":\"SearchAction\",\"target\":{\"@type\":\"EntryPoint\",\"urlTemplate\":\"https:\/\/www.elbesodelescorpion.com\/web\/?s={search_term_string}\"},\"query-input\":{\"@type\":\"PropertyValueSpecification\",\"valueRequired\":true,\"valueName\":\"search_term_string\"}}],\"inLanguage\":\"es\"},{\"@type\":\"Organization\",\"@id\":\"https:\/\/www.elbesodelescorpion.com\/web\/#organization\",\"name\":\"El Beso del Escorpi\u00f3n\",\"url\":\"https:\/\/www.elbesodelescorpion.com\/web\/\",\"logo\":{\"@type\":\"ImageObject\",\"inLanguage\":\"es\",\"@id\":\"https:\/\/www.elbesodelescorpion.com\/web\/#\/schema\/logo\/image\/\",\"url\":\"https:\/\/i2.wp.com\/www.elbesodelescorpion.com\/web\/wp-content\/uploads\/2018\/05\/logoTurquesaEBDE.png?fit=2212%2C1970&ssl=1\",\"contentUrl\":\"https:\/\/i2.wp.com\/www.elbesodelescorpion.com\/web\/wp-content\/uploads\/2018\/05\/logoTurquesaEBDE.png?fit=2212%2C1970&ssl=1\",\"width\":2212,\"height\":1970,\"caption\":\"El Beso del Escorpi\u00f3n\"},\"image\":{\"@id\":\"https:\/\/www.elbesodelescorpion.com\/web\/#\/schema\/logo\/image\/\"},\"sameAs\":[\"https:\/\/www.facebook.com\/BesoEscorpion\/\",\"https:\/\/x.com\/besoescorpion\",\"https:\/\/www.instagram.com\/besoescorpion\/\",\"https:\/\/www.youtube.com\/user\/elbesodelescorpion\"]}]}<\/script>\n<!-- \/ Yoast SEO plugin. -->","yoast_head_json":{"title":"Partituras oficiales de \"Los d\u00edas entre el sol y la luna\" - El Beso del Escorpi\u00f3n","robots":{"index":"index","follow":"follow","max-snippet":"max-snippet:-1","max-image-preview":"max-image-preview:large","max-video-preview":"max-video-preview:-1"},"canonical":"https:\/\/www.elbesodelescorpion.com\/web\/tienda\/partituras-oficiales-de-los-dias-entre-el-sol-y-la-luna\/","og_locale":"es_ES","og_type":"article","og_title":"Partituras oficiales de \"Los d\u00edas entre el sol y la luna\" - El Beso del Escorpi\u00f3n","og_description":"Consigue en PDF de alta calidad las partituras oficiales de nuestra m\u00fasica.","og_url":"https:\/\/www.elbesodelescorpion.com\/web\/tienda\/partituras-oficiales-de-los-dias-entre-el-sol-y-la-luna\/","og_site_name":"El Beso del Escorpi\u00f3n","article_publisher":"https:\/\/www.facebook.com\/BesoEscorpion\/","article_modified_time":"2018-05-24T17:50:37+00:00","og_image":[{"width":800,"height":800,"url":"https:\/\/i1.wp.com\/www.elbesodelescorpion.com\/web\/wp-content\/uploads\/2014\/04\/partituras-los-dias-entre-el-sol-y-la-luna.png?fit=800%2C800&ssl=1","type":"image\/png"}],"twitter_card":"summary_large_image","twitter_site":"@besoescorpion","twitter_misc":{"Tiempo de lectura":"1 minuto"},"schema":{"@context":"https:\/\/schema.org","@graph":[{"@type":"WebPage","@id":"https:\/\/www.elbesodelescorpion.com\/web\/tienda\/partituras-oficiales-de-los-dias-entre-el-sol-y-la-luna\/","url":"https:\/\/www.elbesodelescorpion.com\/web\/tienda\/partituras-oficiales-de-los-dias-entre-el-sol-y-la-luna\/","name":"Partituras oficiales de \"Los d\u00edas entre el sol y la luna\" - El Beso del Escorpi\u00f3n","isPartOf":{"@id":"https:\/\/www.elbesodelescorpion.com\/web\/#website"},"primaryImageOfPage":{"@id":"https:\/\/www.elbesodelescorpion.com\/web\/tienda\/partituras-oficiales-de-los-dias-entre-el-sol-y-la-luna\/#primaryimage"},"image":{"@id":"https:\/\/www.elbesodelescorpion.com\/web\/tienda\/partituras-oficiales-de-los-dias-entre-el-sol-y-la-luna\/#primaryimage"},"thumbnailUrl":"https:\/\/i0.wp.com\/www.elbesodelescorpion.com\/web\/wp-content\/uploads\/2014\/04\/partituras-los-dias-entre-el-sol-y-la-luna.png?fit=800%2C800&ssl=1","datePublished":"2014-04-24T16:46:57+00:00","dateModified":"2018-05-24T17:50:37+00:00","breadcrumb":{"@id":"https:\/\/www.elbesodelescorpion.com\/web\/tienda\/partituras-oficiales-de-los-dias-entre-el-sol-y-la-luna\/#breadcrumb"},"inLanguage":"es","potentialAction":[{"@type":"ReadAction","target":["https:\/\/www.elbesodelescorpion.com\/web\/tienda\/partituras-oficiales-de-los-dias-entre-el-sol-y-la-luna\/"]}]},{"@type":"ImageObject","inLanguage":"es","@id":"https:\/\/www.elbesodelescorpion.com\/web\/tienda\/partituras-oficiales-de-los-dias-entre-el-sol-y-la-luna\/#primaryimage","url":"https:\/\/i0.wp.com\/www.elbesodelescorpion.com\/web\/wp-content\/uploads\/2014\/04\/partituras-los-dias-entre-el-sol-y-la-luna.png?fit=800%2C800&ssl=1","contentUrl":"https:\/\/i0.wp.com\/www.elbesodelescorpion.com\/web\/wp-content\/uploads\/2014\/04\/partituras-los-dias-entre-el-sol-y-la-luna.png?fit=800%2C800&ssl=1","width":800,"height":800},{"@type":"BreadcrumbList","@id":"https:\/\/www.elbesodelescorpion.com\/web\/tienda\/partituras-oficiales-de-los-dias-entre-el-sol-y-la-luna\/#breadcrumb","itemListElement":[{"@type":"ListItem","position":1,"name":"Portada","item":"https:\/\/www.elbesodelescorpion.com\/web\/"},{"@type":"ListItem","position":2,"name":"Tienda","item":"https:\/\/www.elbesodelescorpion.com\/web\/tienda\/"},{"@type":"ListItem","position":3,"name":"Partituras oficiales de &#8220;Los d\u00edas entre el sol y la luna&#8221;"}]},{"@type":"WebSite","@id":"https:\/\/www.elbesodelescorpion.com\/web\/#website","url":"https:\/\/www.elbesodelescorpion.com\/web\/","name":"El Beso del Escorpi\u00f3n","description":"Sitio web oficial","publisher":{"@id":"https:\/\/www.elbesodelescorpion.com\/web\/#organization"},"potentialAction":[{"@type":"SearchAction","target":{"@type":"EntryPoint","urlTemplate":"https:\/\/www.elbesodelescorpion.com\/web\/?s={search_term_string}"},"query-input":{"@type":"PropertyValueSpecification","valueRequired":true,"valueName":"search_term_string"}}],"inLanguage":"es"},{"@type":"Organization","@id":"https:\/\/www.elbesodelescorpion.com\/web\/#organization","name":"El Beso del Escorpi\u00f3n","url":"https:\/\/www.elbesodelescorpion.com\/web\/","logo":{"@type":"ImageObject","inLanguage":"es","@id":"https:\/\/www.elbesodelescorpion.com\/web\/#\/schema\/logo\/image\/","url":"https:\/\/i2.wp.com\/www.elbesodelescorpion.com\/web\/wp-content\/uploads\/2018\/05\/logoTurquesaEBDE.png?fit=2212%2C1970&ssl=1","contentUrl":"https:\/\/i2.wp.com\/www.elbesodelescorpion.com\/web\/wp-content\/uploads\/2018\/05\/logoTurquesaEBDE.png?fit=2212%2C1970&ssl=1","width":2212,"height":1970,"caption":"El Beso del Escorpi\u00f3n"},"image":{"@id":"https:\/\/www.elbesodelescorpion.com\/web\/#\/schema\/logo\/image\/"},"sameAs":["https:\/\/www.facebook.com\/BesoEscorpion\/","https:\/\/x.com\/besoescorpion","https:\/\/www.instagram.com\/besoescorpion\/","https:\/\/www.youtube.com\/user\/elbesodelescorpion"]}]}},"jetpack_sharing_enabled":true,"jetpack_likes_enabled":true,"_links":{"self":[{"href":"https:\/\/www.elbesodelescorpion.com\/web\/wp-json\/wp\/v2\/product\/639"}],"collection":[{"href":"https:\/\/www.elbesodelescorpion.com\/web\/wp-json\/wp\/v2\/product"}],"about":[{"href":"https:\/\/www.elbesodelescorpion.com\/web\/wp-json\/wp\/v2\/types\/product"}],"replies":[{"embeddable":true,"href":"https:\/\/www.elbesodelescorpion.com\/web\/wp-json\/wp\/v2\/comments?post=639"}],"wp:featuredmedia":[{"embeddable":true,"href":"https:\/\/www.elbesodelescorpion.com\/web\/wp-json\/wp\/v2\/media\/1737"}],"wp:attachment":[{"href":"https:\/\/www.elbesodelescorpion.com\/web\/wp-json\/wp\/v2\/media?parent=639"}],"wp:term":[{"taxonomy":"product_cat","embeddable":true,"href":"https:\/\/www.elbesodelescorpion.com\/web\/wp-json\/wp\/v2\/product_cat?post=639"},{"taxonomy":"product_tag","embeddable":true,"href":"https:\/\/www.elbesodelescorpion.com\/web\/wp-json\/wp\/v2\/product_tag?post=639"}],"curies":[{"name":"wp","href":"https:\/\/api.w.org\/{rel}","templated":true}]}}