{"id":1734,"date":"2018-05-24T15:33:44","date_gmt":"2018-05-24T15:33:44","guid":{"rendered":"https:\/\/elbesodelescorpion.com\/web\/?post_type=product&#038;p=1734"},"modified":"2024-05-28T15:31:03","modified_gmt":"2024-05-28T15:31:03","slug":"mundos-paralelos-descarga-digital","status":"publish","type":"product","link":"https:\/\/www.elbesodelescorpion.com\/web\/tienda\/mundos-paralelos-descarga-digital\/","title":{"rendered":"Mundos Paralelos (Descarga Digital)"},"content":{"rendered":"<p>Atenci\u00f3n, este producto es una descarga digital del disco en MP3 calidad 320KBps. No recibir\u00e1s un disco f\u00edsico con la compra de este art\u00edculo.<\/p>\n","protected":false},"excerpt":{"rendered":"<p>Atenci\u00f3n, este producto es una descarga digital del disco en MP3 calidad 320KBps. No recibir\u00e1s un disco f\u00edsico con la compra de este art\u00edculo.<\/p>\n","protected":false},"featured_media":1735,"comment_status":"open","ping_status":"closed","template":"","meta":{"jetpack_post_was_ever_published":false,"jetpack_publicize_message":"","jetpack_publicize_feature_enabled":true,"jetpack_social_post_already_shared":true,"jetpack_social_options":{"image_generator_settings":{"template":"highway","enabled":false}}},"product_cat":[40],"product_tag":[65],"jetpack_publicize_connections":[],"yoast_head":"<!-- This site is optimized with the Yoast SEO plugin v24.5 - https:\/\/yoast.com\/wordpress\/plugins\/seo\/ -->\n<title>Mundos Paralelos (Descarga Digital) - El Beso del Escorpi\u00f3n<\/title>\n<meta name=\"robots\" content=\"index, follow, max-snippet:-1, max-image-preview:large, max-video-preview:-1\" \/>\n<link rel=\"canonical\" href=\"https:\/\/www.elbesodelescorpion.com\/web\/tienda\/mundos-paralelos-descarga-digital\/\" \/>\n<meta property=\"og:locale\" content=\"es_ES\" \/>\n<meta property=\"og:type\" content=\"article\" \/>\n<meta property=\"og:title\" content=\"Mundos Paralelos (Descarga Digital) - El Beso del Escorpi\u00f3n\" \/>\n<meta property=\"og:description\" content=\"Atenci\u00f3n, este producto es una descarga digital del disco en MP3 calidad 320KBps. No recibir\u00e1s un disco f\u00edsico con la compra de este art\u00edculo.\" \/>\n<meta property=\"og:url\" content=\"https:\/\/www.elbesodelescorpion.com\/web\/tienda\/mundos-paralelos-descarga-digital\/\" \/>\n<meta property=\"og:site_name\" content=\"El Beso del Escorpi\u00f3n\" \/>\n<meta property=\"article:publisher\" content=\"https:\/\/www.facebook.com\/BesoEscorpion\/\" \/>\n<meta property=\"article:modified_time\" content=\"2024-05-28T15:31:03+00:00\" \/>\n<meta property=\"og:image\" content=\"https:\/\/i0.wp.com\/www.elbesodelescorpion.com\/web\/wp-content\/uploads\/2018\/05\/portada-digital-mundos-paralelos.png?fit=800%2C800&ssl=1\" \/>\n\t<meta property=\"og:image:width\" content=\"800\" \/>\n\t<meta property=\"og:image:height\" content=\"800\" \/>\n\t<meta property=\"og:image:type\" content=\"image\/png\" \/>\n<meta name=\"twitter:card\" content=\"summary_large_image\" \/>\n<meta name=\"twitter:site\" content=\"@besoescorpion\" \/>\n<script type=\"application\/ld+json\" class=\"yoast-schema-graph\">{\"@context\":\"https:\/\/schema.org\",\"@graph\":[{\"@type\":\"WebPage\",\"@id\":\"https:\/\/www.elbesodelescorpion.com\/web\/tienda\/mundos-paralelos-descarga-digital\/\",\"url\":\"https:\/\/www.elbesodelescorpion.com\/web\/tienda\/mundos-paralelos-descarga-digital\/\",\"name\":\"Mundos Paralelos (Descarga Digital) - El Beso del Escorpi\u00f3n\",\"isPartOf\":{\"@id\":\"https:\/\/www.elbesodelescorpion.com\/web\/#website\"},\"primaryImageOfPage\":{\"@id\":\"https:\/\/www.elbesodelescorpion.com\/web\/tienda\/mundos-paralelos-descarga-digital\/#primaryimage\"},\"image\":{\"@id\":\"https:\/\/www.elbesodelescorpion.com\/web\/tienda\/mundos-paralelos-descarga-digital\/#primaryimage\"},\"thumbnailUrl\":\"https:\/\/i0.wp.com\/www.elbesodelescorpion.com\/web\/wp-content\/uploads\/2018\/05\/portada-digital-mundos-paralelos.png?fit=800%2C800&ssl=1\",\"datePublished\":\"2018-05-24T15:33:44+00:00\",\"dateModified\":\"2024-05-28T15:31:03+00:00\",\"breadcrumb\":{\"@id\":\"https:\/\/www.elbesodelescorpion.com\/web\/tienda\/mundos-paralelos-descarga-digital\/#breadcrumb\"},\"inLanguage\":\"es\",\"potentialAction\":[{\"@type\":\"ReadAction\",\"target\":[\"https:\/\/www.elbesodelescorpion.com\/web\/tienda\/mundos-paralelos-descarga-digital\/\"]}]},{\"@type\":\"ImageObject\",\"inLanguage\":\"es\",\"@id\":\"https:\/\/www.elbesodelescorpion.com\/web\/tienda\/mundos-paralelos-descarga-digital\/#primaryimage\",\"url\":\"https:\/\/i0.wp.com\/www.elbesodelescorpion.com\/web\/wp-content\/uploads\/2018\/05\/portada-digital-mundos-paralelos.png?fit=800%2C800&ssl=1\",\"contentUrl\":\"https:\/\/i0.wp.com\/www.elbesodelescorpion.com\/web\/wp-content\/uploads\/2018\/05\/portada-digital-mundos-paralelos.png?fit=800%2C800&ssl=1\",\"width\":800,\"height\":800},{\"@type\":\"BreadcrumbList\",\"@id\":\"https:\/\/www.elbesodelescorpion.com\/web\/tienda\/mundos-paralelos-descarga-digital\/#breadcrumb\",\"itemListElement\":[{\"@type\":\"ListItem\",\"position\":1,\"name\":\"Portada\",\"item\":\"https:\/\/www.elbesodelescorpion.com\/web\/\"},{\"@type\":\"ListItem\",\"position\":2,\"name\":\"Tienda\",\"item\":\"https:\/\/www.elbesodelescorpion.com\/web\/tienda\/\"},{\"@type\":\"ListItem\",\"position\":3,\"name\":\"Mundos Paralelos (Descarga Digital)\"}]},{\"@type\":\"WebSite\",\"@id\":\"https:\/\/www.elbesodelescorpion.com\/web\/#website\",\"url\":\"https:\/\/www.elbesodelescorpion.com\/web\/\",\"name\":\"El Beso del Escorpi\u00f3n\",\"description\":\"Sitio web oficial\",\"publisher\":{\"@id\":\"https:\/\/www.elbesodelescorpion.com\/web\/#organization\"},\"potentialAction\":[{\"@type\":\"SearchAction\",\"target\":{\"@type\":\"EntryPoint\",\"urlTemplate\":\"https:\/\/www.elbesodelescorpion.com\/web\/?s={search_term_string}\"},\"query-input\":{\"@type\":\"PropertyValueSpecification\",\"valueRequired\":true,\"valueName\":\"search_term_string\"}}],\"inLanguage\":\"es\"},{\"@type\":\"Organization\",\"@id\":\"https:\/\/www.elbesodelescorpion.com\/web\/#organization\",\"name\":\"El Beso del Escorpi\u00f3n\",\"url\":\"https:\/\/www.elbesodelescorpion.com\/web\/\",\"logo\":{\"@type\":\"ImageObject\",\"inLanguage\":\"es\",\"@id\":\"https:\/\/www.elbesodelescorpion.com\/web\/#\/schema\/logo\/image\/\",\"url\":\"https:\/\/i2.wp.com\/www.elbesodelescorpion.com\/web\/wp-content\/uploads\/2018\/05\/logoTurquesaEBDE.png?fit=2212%2C1970&ssl=1\",\"contentUrl\":\"https:\/\/i2.wp.com\/www.elbesodelescorpion.com\/web\/wp-content\/uploads\/2018\/05\/logoTurquesaEBDE.png?fit=2212%2C1970&ssl=1\",\"width\":2212,\"height\":1970,\"caption\":\"El Beso del Escorpi\u00f3n\"},\"image\":{\"@id\":\"https:\/\/www.elbesodelescorpion.com\/web\/#\/schema\/logo\/image\/\"},\"sameAs\":[\"https:\/\/www.facebook.com\/BesoEscorpion\/\",\"https:\/\/x.com\/besoescorpion\",\"https:\/\/www.instagram.com\/besoescorpion\/\",\"https:\/\/www.youtube.com\/user\/elbesodelescorpion\"]}]}<\/script>\n<!-- \/ Yoast SEO plugin. -->","yoast_head_json":{"title":"Mundos Paralelos (Descarga Digital) - El Beso del Escorpi\u00f3n","robots":{"index":"index","follow":"follow","max-snippet":"max-snippet:-1","max-image-preview":"max-image-preview:large","max-video-preview":"max-video-preview:-1"},"canonical":"https:\/\/www.elbesodelescorpion.com\/web\/tienda\/mundos-paralelos-descarga-digital\/","og_locale":"es_ES","og_type":"article","og_title":"Mundos Paralelos (Descarga Digital) - El Beso del Escorpi\u00f3n","og_description":"Atenci\u00f3n, este producto es una descarga digital del disco en MP3 calidad 320KBps. No recibir\u00e1s un disco f\u00edsico con la compra de este art\u00edculo.","og_url":"https:\/\/www.elbesodelescorpion.com\/web\/tienda\/mundos-paralelos-descarga-digital\/","og_site_name":"El Beso del Escorpi\u00f3n","article_publisher":"https:\/\/www.facebook.com\/BesoEscorpion\/","article_modified_time":"2024-05-28T15:31:03+00:00","og_image":[{"width":800,"height":800,"url":"https:\/\/i0.wp.com\/www.elbesodelescorpion.com\/web\/wp-content\/uploads\/2018\/05\/portada-digital-mundos-paralelos.png?fit=800%2C800&ssl=1","type":"image\/png"}],"twitter_card":"summary_large_image","twitter_site":"@besoescorpion","schema":{"@context":"https:\/\/schema.org","@graph":[{"@type":"WebPage","@id":"https:\/\/www.elbesodelescorpion.com\/web\/tienda\/mundos-paralelos-descarga-digital\/","url":"https:\/\/www.elbesodelescorpion.com\/web\/tienda\/mundos-paralelos-descarga-digital\/","name":"Mundos Paralelos (Descarga Digital) - El Beso del Escorpi\u00f3n","isPartOf":{"@id":"https:\/\/www.elbesodelescorpion.com\/web\/#website"},"primaryImageOfPage":{"@id":"https:\/\/www.elbesodelescorpion.com\/web\/tienda\/mundos-paralelos-descarga-digital\/#primaryimage"},"image":{"@id":"https:\/\/www.elbesodelescorpion.com\/web\/tienda\/mundos-paralelos-descarga-digital\/#primaryimage"},"thumbnailUrl":"https:\/\/i0.wp.com\/www.elbesodelescorpion.com\/web\/wp-content\/uploads\/2018\/05\/portada-digital-mundos-paralelos.png?fit=800%2C800&ssl=1","datePublished":"2018-05-24T15:33:44+00:00","dateModified":"2024-05-28T15:31:03+00:00","breadcrumb":{"@id":"https:\/\/www.elbesodelescorpion.com\/web\/tienda\/mundos-paralelos-descarga-digital\/#breadcrumb"},"inLanguage":"es","potentialAction":[{"@type":"ReadAction","target":["https:\/\/www.elbesodelescorpion.com\/web\/tienda\/mundos-paralelos-descarga-digital\/"]}]},{"@type":"ImageObject","inLanguage":"es","@id":"https:\/\/www.elbesodelescorpion.com\/web\/tienda\/mundos-paralelos-descarga-digital\/#primaryimage","url":"https:\/\/i0.wp.com\/www.elbesodelescorpion.com\/web\/wp-content\/uploads\/2018\/05\/portada-digital-mundos-paralelos.png?fit=800%2C800&ssl=1","contentUrl":"https:\/\/i0.wp.com\/www.elbesodelescorpion.com\/web\/wp-content\/uploads\/2018\/05\/portada-digital-mundos-paralelos.png?fit=800%2C800&ssl=1","width":800,"height":800},{"@type":"BreadcrumbList","@id":"https:\/\/www.elbesodelescorpion.com\/web\/tienda\/mundos-paralelos-descarga-digital\/#breadcrumb","itemListElement":[{"@type":"ListItem","position":1,"name":"Portada","item":"https:\/\/www.elbesodelescorpion.com\/web\/"},{"@type":"ListItem","position":2,"name":"Tienda","item":"https:\/\/www.elbesodelescorpion.com\/web\/tienda\/"},{"@type":"ListItem","position":3,"name":"Mundos Paralelos (Descarga Digital)"}]},{"@type":"WebSite","@id":"https:\/\/www.elbesodelescorpion.com\/web\/#website","url":"https:\/\/www.elbesodelescorpion.com\/web\/","name":"El Beso del Escorpi\u00f3n","description":"Sitio web oficial","publisher":{"@id":"https:\/\/www.elbesodelescorpion.com\/web\/#organization"},"potentialAction":[{"@type":"SearchAction","target":{"@type":"EntryPoint","urlTemplate":"https:\/\/www.elbesodelescorpion.com\/web\/?s={search_term_string}"},"query-input":{"@type":"PropertyValueSpecification","valueRequired":true,"valueName":"search_term_string"}}],"inLanguage":"es"},{"@type":"Organization","@id":"https:\/\/www.elbesodelescorpion.com\/web\/#organization","name":"El Beso del Escorpi\u00f3n","url":"https:\/\/www.elbesodelescorpion.com\/web\/","logo":{"@type":"ImageObject","inLanguage":"es","@id":"https:\/\/www.elbesodelescorpion.com\/web\/#\/schema\/logo\/image\/","url":"https:\/\/i2.wp.com\/www.elbesodelescorpion.com\/web\/wp-content\/uploads\/2018\/05\/logoTurquesaEBDE.png?fit=2212%2C1970&ssl=1","contentUrl":"https:\/\/i2.wp.com\/www.elbesodelescorpion.com\/web\/wp-content\/uploads\/2018\/05\/logoTurquesaEBDE.png?fit=2212%2C1970&ssl=1","width":2212,"height":1970,"caption":"El Beso del Escorpi\u00f3n"},"image":{"@id":"https:\/\/www.elbesodelescorpion.com\/web\/#\/schema\/logo\/image\/"},"sameAs":["https:\/\/www.facebook.com\/BesoEscorpion\/","https:\/\/x.com\/besoescorpion","https:\/\/www.instagram.com\/besoescorpion\/","https:\/\/www.youtube.com\/user\/elbesodelescorpion"]}]}},"jetpack_sharing_enabled":true,"jetpack_likes_enabled":true,"_links":{"self":[{"href":"https:\/\/www.elbesodelescorpion.com\/web\/wp-json\/wp\/v2\/product\/1734"}],"collection":[{"href":"https:\/\/www.elbesodelescorpion.com\/web\/wp-json\/wp\/v2\/product"}],"about":[{"href":"https:\/\/www.elbesodelescorpion.com\/web\/wp-json\/wp\/v2\/types\/product"}],"replies":[{"embeddable":true,"href":"https:\/\/www.elbesodelescorpion.com\/web\/wp-json\/wp\/v2\/comments?post=1734"}],"wp:featuredmedia":[{"embeddable":true,"href":"https:\/\/www.elbesodelescorpion.com\/web\/wp-json\/wp\/v2\/media\/1735"}],"wp:attachment":[{"href":"https:\/\/www.elbesodelescorpion.com\/web\/wp-json\/wp\/v2\/media?parent=1734"}],"wp:term":[{"taxonomy":"product_cat","embeddable":true,"href":"https:\/\/www.elbesodelescorpion.com\/web\/wp-json\/wp\/v2\/product_cat?post=1734"},{"taxonomy":"product_tag","embeddable":true,"href":"https:\/\/www.elbesodelescorpion.com\/web\/wp-json\/wp\/v2\/product_tag?post=1734"}],"curies":[{"name":"wp","href":"https:\/\/api.w.org\/{rel}","templated":true}]}}