{"id":1131,"date":"2018-03-03T17:57:45","date_gmt":"2018-03-03T17:57:45","guid":{"rendered":"http:\/\/elbesodelescorpion.com\/web\/?post_type=product&#038;p=1131"},"modified":"2024-07-03T02:57:08","modified_gmt":"2024-07-03T02:57:08","slug":"mundos-paralelos","status":"publish","type":"product","link":"https:\/\/www.elbesodelescorpion.com\/web\/tienda\/mundos-paralelos\/","title":{"rendered":"Mundos paralelos (Edici\u00f3n f\u00edsica)"},"content":{"rendered":"<p><strong>Mundos Paralelos<\/strong> es el tercer \u00e1lbum de <strong>El beso del escorpi\u00f3n<\/strong>. La banda madrile\u00f1a presenta su proyecto m\u00e1s ambicioso en un formato nunca antes visto. \u00a1Un viaje espacial en una <strong>baraja de cartas<\/strong>! Once son sus canciones como lo son las cartas que describen los planetas inspirados en cada una de ellas.<\/p>\n<p>Publicado en junio de 2018, su formato f\u00edsico supone ir un paso m\u00e1s all\u00e1 de lo convencional. Alej\u00e1ndose de la idea de disco al uso, el grupo ha creado una <strong>experiencia transmedia<\/strong> alrededor de esa baraja de cartas con diferentes opciones para sus seguidores. Una aplicaci\u00f3n web exclusiva donde descargar contenido adicional, un \u201ccertificado de vuelo\u201d firmado, un pase exclusivo en forma de pulsera\u2026<\/p>\n<p>El \u00e1lbum plantea diferentes <strong>realidades y experiencias<\/strong> que pueden ocurrir en un mismo instante del universo. \u00bfNormalizaremos las relaciones con robots? \u00bfHasta qu\u00e9 punto se ver\u00e1n afectadas por la tecnolog\u00eda? Incluso la t\u00edpica canci\u00f3n de amor se pone un traje espacial en este \u00e1lbum.<\/p>\n<p><span style=\"font-weight: 400;\">Puedes reservarlo <a href=\"https:\/\/elbesodelescorpion.com\/web\/tienda\/mundos-paralelos\/\"><strong>desde esta misma web <\/strong><\/a>o disfrutar del <a href=\"https:\/\/mundosparalelos.elbesodelescorpion.com\">mini-site que hicimos para este lanzamiento<\/a>. \u00bfA qu\u00e9 esperas? Abr\u00f3chate el cintur\u00f3n\u2026 \u00a1Despegamos!<\/span><\/p>\n","protected":false},"excerpt":{"rendered":"<p><span style=\"font-weight: 400;\"><strong>Mundos paralelos<\/strong> es el tercer \u00e1lbum de <strong>El beso del escorpi\u00f3n<\/strong>. La banda madrile\u00f1a presenta su proyecto m\u00e1s ambicioso en un formato nunca antes visto. \u00a1Un viaje espacial en una <strong>baraja de cartas<\/strong>! <\/span><\/p>\n","protected":false},"featured_media":1689,"comment_status":"open","ping_status":"closed","template":"","meta":{"jetpack_post_was_ever_published":false,"jetpack_publicize_message":"","jetpack_publicize_feature_enabled":true,"jetpack_social_post_already_shared":true,"jetpack_social_options":{"image_generator_settings":{"template":"highway","enabled":false}}},"product_cat":[37],"product_tag":[65,64,63],"jetpack_publicize_connections":[],"yoast_head":"<!-- This site is optimized with the Yoast SEO plugin v24.5 - https:\/\/yoast.com\/wordpress\/plugins\/seo\/ -->\n<title>Edici\u00f3n f\u00edsica de Mundos Paralelos (Tienda oficial de EBDE)<\/title>\n<meta name=\"description\" content=\"Mundos paralelos es el tercer \u00e1lbum de El beso del escorpi\u00f3n. La banda madrile\u00f1a presenta su proyecto m\u00e1s ambicioso en un formato nunca antes visto. \u00a1Un viaje espacial en una baraja de cartas! Publicado en junio de 2018, su formato f\u00edsico supone ir un paso m\u00e1s all\u00e1 de lo convencional. 11 canciones. Un viaje \u00fanico...\" \/>\n<meta name=\"robots\" content=\"index, follow, max-snippet:-1, max-image-preview:large, max-video-preview:-1\" \/>\n<link rel=\"canonical\" href=\"https:\/\/www.elbesodelescorpion.com\/web\/tienda\/mundos-paralelos\/\" \/>\n<meta property=\"og:locale\" content=\"es_ES\" \/>\n<meta property=\"og:type\" content=\"article\" \/>\n<meta property=\"og:title\" content=\"Edici\u00f3n f\u00edsica de Mundos Paralelos (Tienda oficial de EBDE)\" \/>\n<meta property=\"og:description\" content=\"Mundos paralelos es el tercer \u00e1lbum de El beso del escorpi\u00f3n. La banda madrile\u00f1a presenta su proyecto m\u00e1s ambicioso en un formato nunca antes visto. \u00a1Un viaje espacial en una baraja de cartas! Publicado en junio de 2018, su formato f\u00edsico supone ir un paso m\u00e1s all\u00e1 de lo convencional. 11 canciones. Un viaje \u00fanico...\" \/>\n<meta property=\"og:url\" content=\"https:\/\/www.elbesodelescorpion.com\/web\/tienda\/mundos-paralelos\/\" \/>\n<meta property=\"og:site_name\" content=\"El Beso del Escorpi\u00f3n\" \/>\n<meta property=\"article:publisher\" content=\"https:\/\/www.facebook.com\/BesoEscorpion\/\" \/>\n<meta property=\"article:modified_time\" content=\"2024-07-03T02:57:08+00:00\" \/>\n<meta property=\"og:image\" content=\"https:\/\/i2.wp.com\/www.elbesodelescorpion.com\/web\/wp-content\/uploads\/2018\/03\/pack-edicion-limitada.jpg?fit=800%2C800&ssl=1\" \/>\n\t<meta property=\"og:image:width\" content=\"800\" \/>\n\t<meta property=\"og:image:height\" content=\"800\" \/>\n\t<meta property=\"og:image:type\" content=\"image\/jpeg\" \/>\n<meta name=\"twitter:card\" content=\"summary_large_image\" \/>\n<meta name=\"twitter:site\" content=\"@besoescorpion\" \/>\n<meta name=\"twitter:label1\" content=\"Tiempo de lectura\" \/>\n\t<meta name=\"twitter:data1\" content=\"1 minuto\" \/>\n<script type=\"application\/ld+json\" class=\"yoast-schema-graph\">{\"@context\":\"https:\/\/schema.org\",\"@graph\":[{\"@type\":\"WebPage\",\"@id\":\"https:\/\/www.elbesodelescorpion.com\/web\/tienda\/mundos-paralelos\/\",\"url\":\"https:\/\/www.elbesodelescorpion.com\/web\/tienda\/mundos-paralelos\/\",\"name\":\"Edici\u00f3n f\u00edsica de Mundos Paralelos (Tienda oficial de EBDE)\",\"isPartOf\":{\"@id\":\"https:\/\/www.elbesodelescorpion.com\/web\/#website\"},\"primaryImageOfPage\":{\"@id\":\"https:\/\/www.elbesodelescorpion.com\/web\/tienda\/mundos-paralelos\/#primaryimage\"},\"image\":{\"@id\":\"https:\/\/www.elbesodelescorpion.com\/web\/tienda\/mundos-paralelos\/#primaryimage\"},\"thumbnailUrl\":\"https:\/\/i0.wp.com\/www.elbesodelescorpion.com\/web\/wp-content\/uploads\/2018\/03\/pack-edicion-limitada.jpg?fit=800%2C800&ssl=1\",\"datePublished\":\"2018-03-03T17:57:45+00:00\",\"dateModified\":\"2024-07-03T02:57:08+00:00\",\"description\":\"Mundos paralelos es el tercer \u00e1lbum de El beso del escorpi\u00f3n. La banda madrile\u00f1a presenta su proyecto m\u00e1s ambicioso en un formato nunca antes visto. \u00a1Un viaje espacial en una baraja de cartas! Publicado en junio de 2018, su formato f\u00edsico supone ir un paso m\u00e1s all\u00e1 de lo convencional. 11 canciones. Un viaje \u00fanico...\",\"breadcrumb\":{\"@id\":\"https:\/\/www.elbesodelescorpion.com\/web\/tienda\/mundos-paralelos\/#breadcrumb\"},\"inLanguage\":\"es\",\"potentialAction\":[{\"@type\":\"ReadAction\",\"target\":[\"https:\/\/www.elbesodelescorpion.com\/web\/tienda\/mundos-paralelos\/\"]}]},{\"@type\":\"ImageObject\",\"inLanguage\":\"es\",\"@id\":\"https:\/\/www.elbesodelescorpion.com\/web\/tienda\/mundos-paralelos\/#primaryimage\",\"url\":\"https:\/\/i0.wp.com\/www.elbesodelescorpion.com\/web\/wp-content\/uploads\/2018\/03\/pack-edicion-limitada.jpg?fit=800%2C800&ssl=1\",\"contentUrl\":\"https:\/\/i0.wp.com\/www.elbesodelescorpion.com\/web\/wp-content\/uploads\/2018\/03\/pack-edicion-limitada.jpg?fit=800%2C800&ssl=1\",\"width\":800,\"height\":800},{\"@type\":\"BreadcrumbList\",\"@id\":\"https:\/\/www.elbesodelescorpion.com\/web\/tienda\/mundos-paralelos\/#breadcrumb\",\"itemListElement\":[{\"@type\":\"ListItem\",\"position\":1,\"name\":\"Portada\",\"item\":\"https:\/\/www.elbesodelescorpion.com\/web\/\"},{\"@type\":\"ListItem\",\"position\":2,\"name\":\"Tienda\",\"item\":\"https:\/\/www.elbesodelescorpion.com\/web\/tienda\/\"},{\"@type\":\"ListItem\",\"position\":3,\"name\":\"Mundos paralelos (Edici\u00f3n f\u00edsica)\"}]},{\"@type\":\"WebSite\",\"@id\":\"https:\/\/www.elbesodelescorpion.com\/web\/#website\",\"url\":\"https:\/\/www.elbesodelescorpion.com\/web\/\",\"name\":\"El Beso del Escorpi\u00f3n\",\"description\":\"Sitio web oficial\",\"publisher\":{\"@id\":\"https:\/\/www.elbesodelescorpion.com\/web\/#organization\"},\"potentialAction\":[{\"@type\":\"SearchAction\",\"target\":{\"@type\":\"EntryPoint\",\"urlTemplate\":\"https:\/\/www.elbesodelescorpion.com\/web\/?s={search_term_string}\"},\"query-input\":{\"@type\":\"PropertyValueSpecification\",\"valueRequired\":true,\"valueName\":\"search_term_string\"}}],\"inLanguage\":\"es\"},{\"@type\":\"Organization\",\"@id\":\"https:\/\/www.elbesodelescorpion.com\/web\/#organization\",\"name\":\"El Beso del Escorpi\u00f3n\",\"url\":\"https:\/\/www.elbesodelescorpion.com\/web\/\",\"logo\":{\"@type\":\"ImageObject\",\"inLanguage\":\"es\",\"@id\":\"https:\/\/www.elbesodelescorpion.com\/web\/#\/schema\/logo\/image\/\",\"url\":\"https:\/\/i2.wp.com\/www.elbesodelescorpion.com\/web\/wp-content\/uploads\/2018\/05\/logoTurquesaEBDE.png?fit=2212%2C1970&ssl=1\",\"contentUrl\":\"https:\/\/i2.wp.com\/www.elbesodelescorpion.com\/web\/wp-content\/uploads\/2018\/05\/logoTurquesaEBDE.png?fit=2212%2C1970&ssl=1\",\"width\":2212,\"height\":1970,\"caption\":\"El Beso del Escorpi\u00f3n\"},\"image\":{\"@id\":\"https:\/\/www.elbesodelescorpion.com\/web\/#\/schema\/logo\/image\/\"},\"sameAs\":[\"https:\/\/www.facebook.com\/BesoEscorpion\/\",\"https:\/\/x.com\/besoescorpion\",\"https:\/\/www.instagram.com\/besoescorpion\/\",\"https:\/\/www.youtube.com\/user\/elbesodelescorpion\"]}]}<\/script>\n<!-- \/ Yoast SEO plugin. -->","yoast_head_json":{"title":"Edici\u00f3n f\u00edsica de Mundos Paralelos (Tienda oficial de EBDE)","description":"Mundos paralelos es el tercer \u00e1lbum de El beso del escorpi\u00f3n. La banda madrile\u00f1a presenta su proyecto m\u00e1s ambicioso en un formato nunca antes visto. \u00a1Un viaje espacial en una baraja de cartas! Publicado en junio de 2018, su formato f\u00edsico supone ir un paso m\u00e1s all\u00e1 de lo convencional. 11 canciones. Un viaje \u00fanico...","robots":{"index":"index","follow":"follow","max-snippet":"max-snippet:-1","max-image-preview":"max-image-preview:large","max-video-preview":"max-video-preview:-1"},"canonical":"https:\/\/www.elbesodelescorpion.com\/web\/tienda\/mundos-paralelos\/","og_locale":"es_ES","og_type":"article","og_title":"Edici\u00f3n f\u00edsica de Mundos Paralelos (Tienda oficial de EBDE)","og_description":"Mundos paralelos es el tercer \u00e1lbum de El beso del escorpi\u00f3n. La banda madrile\u00f1a presenta su proyecto m\u00e1s ambicioso en un formato nunca antes visto. \u00a1Un viaje espacial en una baraja de cartas! Publicado en junio de 2018, su formato f\u00edsico supone ir un paso m\u00e1s all\u00e1 de lo convencional. 11 canciones. Un viaje \u00fanico...","og_url":"https:\/\/www.elbesodelescorpion.com\/web\/tienda\/mundos-paralelos\/","og_site_name":"El Beso del Escorpi\u00f3n","article_publisher":"https:\/\/www.facebook.com\/BesoEscorpion\/","article_modified_time":"2024-07-03T02:57:08+00:00","og_image":[{"width":800,"height":800,"url":"https:\/\/i2.wp.com\/www.elbesodelescorpion.com\/web\/wp-content\/uploads\/2018\/03\/pack-edicion-limitada.jpg?fit=800%2C800&ssl=1","type":"image\/jpeg"}],"twitter_card":"summary_large_image","twitter_site":"@besoescorpion","twitter_misc":{"Tiempo de lectura":"1 minuto"},"schema":{"@context":"https:\/\/schema.org","@graph":[{"@type":"WebPage","@id":"https:\/\/www.elbesodelescorpion.com\/web\/tienda\/mundos-paralelos\/","url":"https:\/\/www.elbesodelescorpion.com\/web\/tienda\/mundos-paralelos\/","name":"Edici\u00f3n f\u00edsica de Mundos Paralelos (Tienda oficial de EBDE)","isPartOf":{"@id":"https:\/\/www.elbesodelescorpion.com\/web\/#website"},"primaryImageOfPage":{"@id":"https:\/\/www.elbesodelescorpion.com\/web\/tienda\/mundos-paralelos\/#primaryimage"},"image":{"@id":"https:\/\/www.elbesodelescorpion.com\/web\/tienda\/mundos-paralelos\/#primaryimage"},"thumbnailUrl":"https:\/\/i0.wp.com\/www.elbesodelescorpion.com\/web\/wp-content\/uploads\/2018\/03\/pack-edicion-limitada.jpg?fit=800%2C800&ssl=1","datePublished":"2018-03-03T17:57:45+00:00","dateModified":"2024-07-03T02:57:08+00:00","description":"Mundos paralelos es el tercer \u00e1lbum de El beso del escorpi\u00f3n. La banda madrile\u00f1a presenta su proyecto m\u00e1s ambicioso en un formato nunca antes visto. \u00a1Un viaje espacial en una baraja de cartas! Publicado en junio de 2018, su formato f\u00edsico supone ir un paso m\u00e1s all\u00e1 de lo convencional. 11 canciones. Un viaje \u00fanico...","breadcrumb":{"@id":"https:\/\/www.elbesodelescorpion.com\/web\/tienda\/mundos-paralelos\/#breadcrumb"},"inLanguage":"es","potentialAction":[{"@type":"ReadAction","target":["https:\/\/www.elbesodelescorpion.com\/web\/tienda\/mundos-paralelos\/"]}]},{"@type":"ImageObject","inLanguage":"es","@id":"https:\/\/www.elbesodelescorpion.com\/web\/tienda\/mundos-paralelos\/#primaryimage","url":"https:\/\/i0.wp.com\/www.elbesodelescorpion.com\/web\/wp-content\/uploads\/2018\/03\/pack-edicion-limitada.jpg?fit=800%2C800&ssl=1","contentUrl":"https:\/\/i0.wp.com\/www.elbesodelescorpion.com\/web\/wp-content\/uploads\/2018\/03\/pack-edicion-limitada.jpg?fit=800%2C800&ssl=1","width":800,"height":800},{"@type":"BreadcrumbList","@id":"https:\/\/www.elbesodelescorpion.com\/web\/tienda\/mundos-paralelos\/#breadcrumb","itemListElement":[{"@type":"ListItem","position":1,"name":"Portada","item":"https:\/\/www.elbesodelescorpion.com\/web\/"},{"@type":"ListItem","position":2,"name":"Tienda","item":"https:\/\/www.elbesodelescorpion.com\/web\/tienda\/"},{"@type":"ListItem","position":3,"name":"Mundos paralelos (Edici\u00f3n f\u00edsica)"}]},{"@type":"WebSite","@id":"https:\/\/www.elbesodelescorpion.com\/web\/#website","url":"https:\/\/www.elbesodelescorpion.com\/web\/","name":"El Beso del Escorpi\u00f3n","description":"Sitio web oficial","publisher":{"@id":"https:\/\/www.elbesodelescorpion.com\/web\/#organization"},"potentialAction":[{"@type":"SearchAction","target":{"@type":"EntryPoint","urlTemplate":"https:\/\/www.elbesodelescorpion.com\/web\/?s={search_term_string}"},"query-input":{"@type":"PropertyValueSpecification","valueRequired":true,"valueName":"search_term_string"}}],"inLanguage":"es"},{"@type":"Organization","@id":"https:\/\/www.elbesodelescorpion.com\/web\/#organization","name":"El Beso del Escorpi\u00f3n","url":"https:\/\/www.elbesodelescorpion.com\/web\/","logo":{"@type":"ImageObject","inLanguage":"es","@id":"https:\/\/www.elbesodelescorpion.com\/web\/#\/schema\/logo\/image\/","url":"https:\/\/i2.wp.com\/www.elbesodelescorpion.com\/web\/wp-content\/uploads\/2018\/05\/logoTurquesaEBDE.png?fit=2212%2C1970&ssl=1","contentUrl":"https:\/\/i2.wp.com\/www.elbesodelescorpion.com\/web\/wp-content\/uploads\/2018\/05\/logoTurquesaEBDE.png?fit=2212%2C1970&ssl=1","width":2212,"height":1970,"caption":"El Beso del Escorpi\u00f3n"},"image":{"@id":"https:\/\/www.elbesodelescorpion.com\/web\/#\/schema\/logo\/image\/"},"sameAs":["https:\/\/www.facebook.com\/BesoEscorpion\/","https:\/\/x.com\/besoescorpion","https:\/\/www.instagram.com\/besoescorpion\/","https:\/\/www.youtube.com\/user\/elbesodelescorpion"]}]}},"jetpack_sharing_enabled":true,"jetpack_likes_enabled":true,"_links":{"self":[{"href":"https:\/\/www.elbesodelescorpion.com\/web\/wp-json\/wp\/v2\/product\/1131"}],"collection":[{"href":"https:\/\/www.elbesodelescorpion.com\/web\/wp-json\/wp\/v2\/product"}],"about":[{"href":"https:\/\/www.elbesodelescorpion.com\/web\/wp-json\/wp\/v2\/types\/product"}],"replies":[{"embeddable":true,"href":"https:\/\/www.elbesodelescorpion.com\/web\/wp-json\/wp\/v2\/comments?post=1131"}],"wp:featuredmedia":[{"embeddable":true,"href":"https:\/\/www.elbesodelescorpion.com\/web\/wp-json\/wp\/v2\/media\/1689"}],"wp:attachment":[{"href":"https:\/\/www.elbesodelescorpion.com\/web\/wp-json\/wp\/v2\/media?parent=1131"}],"wp:term":[{"taxonomy":"product_cat","embeddable":true,"href":"https:\/\/www.elbesodelescorpion.com\/web\/wp-json\/wp\/v2\/product_cat?post=1131"},{"taxonomy":"product_tag","embeddable":true,"href":"https:\/\/www.elbesodelescorpion.com\/web\/wp-json\/wp\/v2\/product_tag?post=1131"}],"curies":[{"name":"wp","href":"https:\/\/api.w.org\/{rel}","templated":true}]}}